{"id":17,"date":"2017-04-26T12:58:07","date_gmt":"2017-04-26T12:58:07","guid":{"rendered":"https:\/\/www.somasrsa.cat\/?page_id=17"},"modified":"2026-04-28T13:36:38","modified_gmt":"2026-04-28T13:36:38","slug":"empreses","status":"publish","type":"page","link":"https:\/\/www.somasrsa.cat\/?page_id=17","title":{"rendered":"Empreses"},"content":{"rendered":"<h2><span style=\"color: #009696;\">Documentaci\u00f3 necess\u00e0ria per contractar aigua per a obres:<\/span><\/h2>\n<hr \/>\n<ul>\n<li>DNI, NIF, NIE.<\/li>\n<li>Perm\u00eds d\u2019obres.<\/li>\n<li>Document de propietat ( escriptura, contracte compra-venda, acceptaci\u00f3 d&#8217;her\u00e8ncia) o contracte d&#8217;arrendament (amb autoritzaci\u00f3 signada pel propietari\/\u00e0ria).<\/li>\n<li>Tel\u00e8fon de contacte.<\/li>\n<li>Correu electr\u00f2nic.<\/li>\n<li>Compte bancari.<\/li>\n<\/ul>\n<h2><span style=\"color: #009696;\">Documentaci\u00f3 per contractar aigua per a ind\u00fastries\u00a0 i comer\u00e7os:\u00a0<\/span><\/h2>\n<hr \/>\n<ul>\n<li>DNI, NIF, NIE.<\/li>\n<li>Document de propietat ( escriptura, contracte compra-venda, acceptaci\u00f3 d&#8217;her\u00e8ncia) o contracte d&#8217;arrendament (amb autoritzaci\u00f3 signada pel propietari\/\u00e0ria).<\/li>\n<\/ul>\n<ul>\n<li>Butllet\u00ed del llauner<\/li>\n<li>Llic\u00e8ncia municipal d\u2019obertura o comunicat d&#8217;inici d&#8217;activitat.<\/li>\n<li>Tel\u00e8fon de contacte.<\/li>\n<li>Correu electr\u00f2nic.<\/li>\n<li>Compte bancari.<\/li>\n<\/ul>\n<h2><span style=\"color: #009696;\">Documentaci\u00f3 necess\u00e0ria per efectuar subrogaci\u00f3:<\/span><\/h2>\n<hr \/>\n<ul>\n<li>DNI, NIF, NIE<\/li>\n<li>Acreditaci\u00f3 del drets d\u2019\u00fas de l\u2019immoble:\n<ul>\n<li>Defunci\u00f3 \/ Acceptaci\u00f3 d\u2019 Her\u00e8ncia i\/o Certificat de defunci\u00f3<\/li>\n<li>Separaci\u00f3 \/ Divorci<\/li>\n<li>Fusi\u00f3 d\u2019Empreses<\/li>\n<li>Canvis de Societats<\/li>\n<\/ul>\n<\/li>\n<li>Tel\u00e8fon de contacte.<\/li>\n<li>Correu electr\u00f2nic.<\/li>\n<li>Compte bancari.<\/li>\n<\/ul>\n<h2><span style=\"color: #009696;\">Documentaci\u00f3 necess\u00e0ria per sol\u00b7licitar una escomesa de clavegueram industrial:<\/span><\/h2>\n<hr \/>\n<ul>\n<li>Llic\u00e8ncia de connexi\u00f3 de l\u2019Ajuntament de Ripoll, que per sol\u00b7licitar-la a l\u2019Ajuntament hauran de presentar els seg\u00fcents documents:<\/li>\n<\/ul>\n<ul>\n<li style=\"list-style-type: none;\">\n<ul>\n<li>Nom del titular, domicili de l\u2019habitatge, el local, el comer\u00e7, la ind\u00fastria, el servei o la instal\u00b7laci\u00f3.<\/li>\n<li>Ubicaci\u00f3 i caracter\u00edstiques de l\u2019establiment o de l\u2019activitat, si s\u2019escau.<\/li>\n<li>Pl\u00e0nol de la xarxa de desgu\u00e0s interior de l\u2019edifici en planta i al\u00e7ada, a escales respectives 1:100 i 1:50, detallant expressament els sifons generals i la ventilaci\u00f3 a\u00e8ria.<\/li>\n<\/ul>\n<\/li>\n<li>Llic\u00e8ncia de connexi\u00f3 del Consell Comarcal del Ripoll\u00e8s.<\/li>\n<\/ul>\n","protected":false},"excerpt":{"rendered":"<p>Documentaci\u00f3 necess\u00e0ria per contractar aigua per a obres: DNI, NIF, NIE. Perm\u00eds d\u2019obres. Document de propietat ( escriptura, contracte compra-venda, acceptaci\u00f3 d&#8217;her\u00e8ncia) o contracte d&#8217;arrendament (amb autoritzaci\u00f3 signada pel propietari\/\u00e0ria). &#8230;<\/p>\n","protected":false},"author":1,"featured_media":0,"parent":11,"menu_order":0,"comment_status":"closed","ping_status":"closed","template":"","meta":{"footnotes":""},"class_list":["post-17","page","type-page","status-publish","hentry"],"_links":{"self":[{"href":"https:\/\/www.somasrsa.cat\/index.php?rest_route=\/wp\/v2\/pages\/17","targetHints":{"allow":["GET"]}}],"collection":[{"href":"https:\/\/www.somasrsa.cat\/index.php?rest_route=\/wp\/v2\/pages"}],"about":[{"href":"https:\/\/www.somasrsa.cat\/index.php?rest_route=\/wp\/v2\/types\/page"}],"author":[{"embeddable":true,"href":"https:\/\/www.somasrsa.cat\/index.php?rest_route=\/wp\/v2\/users\/1"}],"replies":[{"embeddable":true,"href":"https:\/\/www.somasrsa.cat\/index.php?rest_route=%2Fwp%2Fv2%2Fcomments&post=17"}],"version-history":[{"count":16,"href":"https:\/\/www.somasrsa.cat\/index.php?rest_route=\/wp\/v2\/pages\/17\/revisions"}],"predecessor-version":[{"id":13944,"href":"https:\/\/www.somasrsa.cat\/index.php?rest_route=\/wp\/v2\/pages\/17\/revisions\/13944"}],"up":[{"embeddable":true,"href":"https:\/\/www.somasrsa.cat\/index.php?rest_route=\/wp\/v2\/pages\/11"}],"wp:attachment":[{"href":"https:\/\/www.somasrsa.cat\/index.php?rest_route=%2Fwp%2Fv2%2Fmedia&parent=17"}],"curies":[{"name":"wp","href":"https:\/\/api.w.org\/{rel}","templated":true}]}}