{"id":4177,"date":"2020-02-17T15:40:29","date_gmt":"2020-02-17T15:40:29","guid":{"rendered":"https:\/\/www.somasrsa.cat\/?page_id=4177"},"modified":"2021-02-22T15:47:49","modified_gmt":"2021-02-22T15:47:49","slug":"analitiques-de-xarxa-2020","status":"publish","type":"page","link":"https:\/\/www.somasrsa.cat\/?page_id=4177","title":{"rendered":"Anal\u00edtiques de xarxa 2020"},"content":{"rendered":"\n<p><br>\u2022 <strong><a href=\"https:\/\/www.somasrsa.cat\/wp-content\/uploads\/2020\/02\/S2SOMASRSA_S2RIPOLDVA_6673332_09012020_v1.pdf\">Dip\u00f2sit Vista alegre 9\/01\/2020<\/a><\/strong><\/p>\n\n\n\n<p>\u2022 <strong><a href=\"https:\/\/www.somasrsa.cat\/wp-content\/uploads\/2020\/02\/S2SOMASRSA_S2RIPOLETP_6671510_09012020_v1.pdf\">ETAP Ripoll 9\/01\/2020<\/a><\/strong><\/p>\n\n\n\n<p>\u2022<strong><a href=\"https:\/\/www.somasrsa.cat\/wp-content\/uploads\/2020\/02\/SOR_RIPOLL_20191128_95149_-Dip\u00f2sit-Ciutat-Jard\u00ed-_v1.pdf\"> Dip\u00f2sit Ciutat jard\u00ed (informe d\u2019assaig) 28\/01\/2020<\/a><\/strong><br><br>\u2022 <strong><a href=\"https:\/\/www.somasrsa.cat\/wp-content\/uploads\/2020\/02\/S2SOMASRSA_S2RIPOLDP_6699874_29012020_v1.pdf\">Dip\u00f2sit Sant Pere 29\/01\/2020<\/a><\/strong><\/p>\n\n\n\n<p>\u2022 <strong><a href=\"https:\/\/www.somasrsa.cat\/wp-content\/uploads\/2020\/02\/S2SOMASRSA_S2RIPOLXBR_6686470_29012020_v1.pdf\">Xarxa els Brucs (arqueta) 29\/01\/2020<\/a><\/strong><\/p>\n\n\n\n<p>\u2022 <strong><a href=\"https:\/\/www.somasrsa.cat\/wp-content\/uploads\/2020\/02\/S2SOMASRSA_S2RIPOLETP_6755182_29012020_v1.pdf\">ETAP Ripoll (informe anal\u00edtic) 29\/01\/2020<\/a><\/strong><\/p>\n\n\n\n<p>\u2022 <a href=\"https:\/\/www.somasrsa.cat\/?attachment_id=4361\"><strong>ETAP Ripoll 4\/02\/2020<\/strong><\/a><\/p>\n\n\n\n<p>\u2022 <strong><a href=\"https:\/\/www.somasrsa.cat\/?attachment_id=4362\">Xarxa Ripoll (informe anal\u00edtic) 13\/02\/2020<\/a><\/strong><br><\/p>\n\n\n\n<p>\u2022 <a href=\"https:\/\/www.somasrsa.cat\/?attachment_id=4363\"><strong>Dip\u00f2sit Sant Pere 20\/02\/2020<\/strong><\/a><br><\/p>\n\n\n\n<p>\u2022 <a href=\"https:\/\/www.somasrsa.cat\/?attachment_id=4364\"><strong>Dip\u00f2sit Cap\u00e7. Els Brucs 24\/02\/2020<\/strong><\/a><\/p>\n\n\n\n<p>\u2022<strong><a href=\"https:\/\/www.somasrsa.cat\/?attachment_id=4365\">  Dip\u00f2sit Cap\u00e7 Els Brucs (informe de an\u00e1lisis) 26\/02\/2020<\/a><\/strong><br><\/p>\n\n\n\n<p>\u2022 <a href=\"https:\/\/www.somasrsa.cat\/?attachment_id=4366\"><strong>ETAP Ripoll 5\/03\/2020<\/strong><\/a><\/p>\n\n\n\n<p>\u2022 <a href=\"https:\/\/www.somasrsa.cat\/?attachment_id=4367\"><strong>Dip\u00f2sit Sant Pere 10\/03\/2020<\/strong><\/a><br><\/p>\n\n\n\n<p>\u2022 <strong><a href=\"https:\/\/www.somasrsa.cat\/?attachment_id=4367\">Dip\u00f2sit cap\u00e7alera Sant Pere (Informe d\u2019assaig) 12\/03\/2020<\/a><\/strong><br><\/p>\n\n\n\n<p>\u2022 <strong><a href=\"https:\/\/www.somasrsa.cat\/?attachment_id=4368\">ETAP Ripoll 24\/03\/2020<\/a><\/strong><br><\/p>\n\n\n\n<p>\u2022 <strong><a href=\"https:\/\/www.somasrsa.cat\/?attachment_id=4369\">ETAP Ripoll (informe de an\u00e0lisis) 28\/03\/2020<\/a><\/strong><br><br>\u2022 <strong><a href=\"https:\/\/www.somasrsa.cat\/wp-content\/uploads\/2020\/07\/S2SOMASRSA_S2RIPOLXBR_6799908_15042020_v1.pdf\">Xarxa els Brucs 15\/04\/2020<\/a><\/strong><a href=\"https:\/\/www.somasrsa.cat\/wp-content\/uploads\/2020\/07\/S2SOMASRSA_S2RIPOLXBR_6799908_15042020_v1.pdf\"> <\/a><\/p>\n\n\n\n<p>\u2022 <strong><a href=\"https:\/\/www.somasrsa.cat\/wp-content\/uploads\/2020\/07\/S2SOMASRSA_S2RIPOLX18_6826697_15042020_v1.pdf\">Dip\u00f2sit Engordany 15\/04\/2020<\/a><\/strong><\/p>\n\n\n\n<p>\u2022 <strong><a href=\"https:\/\/www.somasrsa.cat\/wp-content\/uploads\/2020\/07\/S2SOMASRSA_S2RIPOLDP_6852838_15042020_v1-1.pdf\">Dip\u00f2sit Sant Pere 15\/04\/2020<\/a><\/strong><\/p>\n\n\n\n<p>\u2022 <a href=\"https:\/\/www.somasrsa.cat\/wp-content\/uploads\/2020\/07\/S2SOMASRSA_S2RIPODBRU_6840295_21042020_v1.pdf\"><strong>Dip\u00f2sit Cap\u00e7 els Brucs 21\/04\/2020<\/strong><\/a><\/p>\n\n\n\n<p>\u2022 <strong><a href=\"https:\/\/www.somasrsa.cat\/wp-content\/uploads\/2020\/07\/S2SOMASRSA_S2RIPDIPOSITCIUJAR_6895623_07052020_v1.pdf\">Dip\u00f2sit ciutat jard\u00ed 7\/05\/2020<\/a><\/strong><\/p>\n\n\n\n<p>\u2022 <strong><a href=\"https:\/\/www.somasrsa.cat\/wp-content\/uploads\/2020\/07\/S2SOMASRSA_S2RIPOLETP_6895051_07052020_v1.pdf\">ETAP Ripoll 7\/05\/2020<\/a><\/strong><\/p>\n\n\n\n<p>\u2022 <strong><a href=\"https:\/\/www.somasrsa.cat\/wp-content\/uploads\/2020\/07\/S2SOMASRSA_6895050_13052020_v1.pdf\">ETAP Ripoll 13\/05\/2020<\/a><\/strong><\/p>\n\n\n\n<p>\u2022 <strong><a href=\"https:\/\/www.somasrsa.cat\/wp-content\/uploads\/2020\/07\/S2SOMASRSA_S2RIPOLDP_6915969_26052020_v1.pdf\">Dip\u00f2sit Sant Pere 26\/05\/202<\/a><\/strong><strong><a href=\"https:\/\/www.somasrsa.cat\/wp-content\/uploads\/2020\/07\/S2SOMASRSA_S2RIPOLDP_6915969_26052020_v1.pdf\">0<\/a><\/strong><\/p>\n\n\n\n<p>\u2022 <strong><a href=\"https:\/\/www.somasrsa.cat\/wp-content\/uploads\/2020\/07\/SOR_RIPOLL_20200515_102716_-Xarxa-Ripoll-aixeta-maga-_v1.pdf\">Xarxa Ripoll (aixeta magatzem oficina Somasrsa) (informe d\u2019assaig) 31\/05\/2020<\/a><\/strong><\/p>\n\n\n\n<p>\u2022 <strong><a href=\"https:\/\/www.somasrsa.cat\/wp-content\/uploads\/2020\/09\/SOR_RIPOLL_20200610_104342_-Dip\u00f2sit-Distribuci\u00f3-Casan-_v1.pdf\">Dip\u00f2sit distribuci\u00f3 Casanoves (informe d\u2019assaig) 10\/06\/2020<\/a><\/strong><\/p>\n\n\n\n<p>\u2022 <strong><a href=\"https:\/\/www.somasrsa.cat\/wp-content\/uploads\/2020\/09\/S2SOMASRSA_S2RIPOLDP_6939309_18062020_v1.pdf\">Dip\u00f2sit Sant Pere 18\/06\/2020<\/a><\/strong><\/p>\n\n\n\n<p>\u2022 <strong><a href=\"https:\/\/www.somasrsa.cat\/wp-content\/uploads\/2020\/09\/S2SOMASRSA_S2RIPOLETP_6928724_25062020_v1.pdf\">ETAP Ripoll 25\/06\/2020<\/a><\/strong><\/p>\n\n\n\n<p>\u2022<strong><a href=\"https:\/\/www.somasrsa.cat\/wp-content\/uploads\/2020\/09\/S2SOMASRSA_S2RIPODBRU_6951577_30062020_v1.pdf\"> Dip\u00f2sit Cap\u00e7. Els Brucs 30\/06\/2020<\/a><\/strong><\/p>\n\n\n\n<p>\u2022 <strong><a href=\"https:\/\/www.somasrsa.cat\/wp-content\/uploads\/2020\/09\/S2SOMASRSA_S2RIPDIPOSITCIUJAR_7040352_06072020_v1_Neteja-dip\u00f2sit.pdf\">Dip\u00f2sit ciutat jard\u00ed 6\/07\/2020<\/a><\/strong><\/p>\n\n\n\n<p>\u2022 <strong><a href=\"https:\/\/www.somasrsa.cat\/wp-content\/uploads\/2020\/09\/S2SOMASRSA_S2RIPOLETP_6988453_10072020_v1.pdf\">ETAP Ripoll 10\/07\/2020<\/a><\/strong><\/p>\n\n\n\n<p>\u2022 <strong><a href=\"https:\/\/www.somasrsa.cat\/wp-content\/uploads\/2020\/09\/S2SOMASRSA_S2RIPODBRU_7053587_13072020_v1_Neteja-dip\u00f2sit.pdf\">Dip\u00f2sit Cap\u00e7. Els Brucs 13\/07\/2020<\/a><\/strong><\/p>\n\n\n\n<p>\u2022 <strong><a href=\"https:\/\/www.somasrsa.cat\/wp-content\/uploads\/2020\/09\/S2SOMASRSA_S2RIPOLDNB_7059234_16072020_v1_Neteja-dip\u00f2sit.pdf\">Dip\u00f2sit Casanova de baix 16\/07\/2020<\/a><\/strong><\/p>\n\n\n\n<p>\u2022 <strong><a href=\"https:\/\/www.somasrsa.cat\/wp-content\/uploads\/2020\/09\/S2SOMASRSA_S2RIPOLXBR_7012986_22072020_v1.pdf\">Xarxa els Brucs (arqueta) 22\/07\/2020<\/a><\/strong><\/p>\n\n\n\n<p>\u2022 <strong><a href=\"https:\/\/www.somasrsa.cat\/wp-content\/uploads\/2020\/09\/S2SOMASRSA_S2RIPOLDP_7001147_23072020_v1.pdf\">Dip\u00f2sit Sant Pere 23\/07\/2020<\/a><\/strong><\/p>\n\n\n\n<p>\u2022 <strong><a href=\"https:\/\/www.somasrsa.cat\/wp-content\/uploads\/2020\/09\/S2SOMASRSA_S2RIPOLETP_7072196_23072020_v1_Neteja-dip\u00f2sit.pdf\">ETAP Ripoll 23\/07\/2020<\/a><\/strong><\/p>\n\n\n\n<p>\u2022<strong><a href=\"https:\/\/www.somasrsa.cat\/wp-content\/uploads\/2020\/09\/SOR_RIPOLL_20200731_106073_-Dip\u00f2sit-Vista-Alegre-_v1.pdf\">Dip\u00f2sit vista alegre (informe d\u2019assaig) 30\/07\/2020<\/a><\/strong><\/p>\n\n\n\n<p>\u2022 <strong><a href=\"https:\/\/www.somasrsa.cat\/wp-content\/uploads\/2020\/09\/S2SOMASRSA_S2RIPOLETP_7038322_04082020_v1.pdf\">ETAP Ripoll 4\/08\/2020<\/a><\/strong><\/p>\n\n\n\n<p>\u2022 <strong><a href=\"https:\/\/www.somasrsa.cat\/wp-content\/uploads\/2020\/09\/S2SOMASRSA_S2RIPOLXAR_7051422_10082020_v1.pdf\">Xarxa Ripoll 10\/08\/2020<\/a><\/strong><\/p>\n\n\n\n<p>\u2022 <strong><a href=\"https:\/\/www.somasrsa.cat\/wp-content\/uploads\/2020\/09\/10-08-2020_ETAP-RIPOLL_2805577.pdf\">ETAP Ripoll (informe de an\u00e0lisis) 13\/08\/2020<\/a><\/strong><\/p>\n\n\n\n<p>\u2022 <strong><a href=\"https:\/\/www.somasrsa.cat\/wp-content\/uploads\/2020\/09\/S2SOMASRSA_S2RIPODBRU_7064270_18082020_v1.pdf\">Dip\u00f2sit Cap\u00e7. Els Brucs 18\/08\/2020<\/a><\/strong><\/p>\n\n\n\n<p>\u2022 <strong><a href=\"https:\/\/www.somasrsa.cat\/wp-content\/uploads\/2020\/09\/S2SOMASRSA_S2RIPOLDP_7077741_26082020_v1.pdf\">Dip\u00f2sit Sant Pere 26\/08\/2020<\/a><\/strong><strong>\u00b7<\/strong><\/p>\n\n\n\n<p>\u2022&nbsp;<strong><a href=\"https:\/\/www.somasrsa.cat\/?attachment_id=4926\">Etap Ripoll 1\/09\/2020<\/a><\/strong><\/p>\n\n\n\n<p>\u2022&nbsp;<strong><a href=\"https:\/\/www.somasrsa.cat\/?attachment_id=4927\">Dip\u00f2sit Sant Pere 24\/09\/2020<\/a><\/strong><\/p>\n\n\n\n<p>\u2022&nbsp;<strong><a href=\"https:\/\/www.somasrsa.cat\/?attachment_id=4928\">Dip\u00f2sit Sant Pere 24\/09\/2020<\/a><\/strong><\/p>\n\n\n\n<p>\u2022&nbsp;<strong><a href=\"https:\/\/www.somasrsa.cat\/?attachment_id=4929\">Etap Ripoll 29\/09\/2020<\/a><\/strong><\/p>\n\n\n\n<p>\u2022&nbsp;<strong><a href=\"https:\/\/www.somasrsa.cat\/?attachment_id=4930\">Etap Ripoll 29\/09\/2020<\/a><\/strong><\/p>\n\n\n\n<p>\u2022&nbsp;<strong><a href=\"https:\/\/www.somasrsa.cat\/?attachment_id=4931\">Dip\u00f2sit Sant Pere 8\/10\/20<\/a><\/strong><\/p>\n\n\n\n<p>\u2022&nbsp;<strong><a href=\"https:\/\/www.somasrsa.cat\/?attachment_id=4932\">Dip\u00f2sit Sant Pere 8\/10\/20<\/a><\/strong><\/p>\n\n\n\n<p>\u2022&nbsp;<strong><a href=\"https:\/\/www.somasrsa.cat\/?attachment_id=4933\">Dip\u00f2sit Vista Alegre 8\/10\/20<\/a><\/strong><\/p>\n\n\n\n<p>\u2022&nbsp;<strong><a href=\"https:\/\/www.somasrsa.cat\/?attachment_id=4934\">Dip\u00f2sit Engordans 22\/10\/20<\/a><\/strong><\/p>\n\n\n\n<p>\u2022&nbsp;<strong><a href=\"https:\/\/www.somasrsa.cat\/?attachment_id=4934\">Dip\u00f2sit Engordans 22\/10\/20<\/a><\/strong><\/p>\n\n\n\n<p>\u2022&nbsp;<strong><a href=\"https:\/\/www.somasrsa.cat\/?attachment_id=4935\">Dip\u00f2sit Cap\u00e7alera Sant Pere (informe d&#8217;assaig) 23\/10\/20<\/a><\/strong><\/p>\n\n\n\n<p>\u2022&nbsp;<strong><a href=\"https:\/\/www.somasrsa.cat\/?attachment_id=4936\">Dip\u00f2sit Engordans (informe d&#8217;assaig) 23\/10\/20<\/a><\/strong><\/p>\n\n\n\n<p>\u2022&nbsp;<strong><a href=\"https:\/\/www.somasrsa.cat\/?attachment_id=4938\">Dip\u00f2sit Cap\u00e7. els Brucs 27\/10\/20<\/a><\/strong><\/p>\n\n\n\n<p>\u2022&nbsp;<strong><a href=\"https:\/\/www.somasrsa.cat\/?attachment_id=4939\">Estaci\u00f3 Elavaci\u00f3 Costabona 29\/10\/20<\/a><\/strong><\/p>\n\n\n\n<p>\u2022&nbsp;<strong><a href=\"https:\/\/www.somasrsa.cat\/?attachment_id=4946\">Etap Ripoll 03\/11\/2020<\/a><\/strong><\/p>\n\n\n\n<p>\u2022&nbsp;<strong><a href=\"https:\/\/www.somasrsa.cat\/?attachment_id=4947\">Etap Ripoll 03\/11\/2020<\/a><\/strong><\/p>\n\n\n\n<p>\u2022 <strong><a href=\"https:\/\/www.somasrsa.cat\/?attachment_id=4949\">Xarxa Ripoll  10\/11\/2020<\/a><\/strong><\/p>\n\n\n\n<p>\u2022&nbsp;<strong><a href=\"https:\/\/www.somasrsa.cat\/?attachment_id=4950\">Dip\u00f2sit Sant Pere 12\/11\/20<\/a><\/strong><\/p>\n\n\n\n<p>\u2022&nbsp;<strong><a href=\"https:\/\/www.somasrsa.cat\/?attachment_id=4956\">Dip\u00f2sit Distribuci\u00f3 Ciutat Jard\u00ed (Informe d&#8217;assaig) 12\/11\/2020<\/a><\/strong><br><\/p>\n\n\n\n<p>\u2022 <strong><a href=\"https:\/\/www.somasrsa.cat\/?attachment_id=4951\">Xarxa els Brucs (arqueta) 24\/11\/2020<\/a><\/strong><\/p>\n\n\n\n<p>\u2022&nbsp;<strong><a href=\"https:\/\/www.somasrsa.cat\/?attachment_id=4952\">Dip\u00f2sit Sant Pere 24\/11\/20<\/a><\/strong><\/p>\n\n\n\n<p>\u2022 <strong><a href=\"https:\/\/www.somasrsa.cat\/?attachment_id=4991\">Dip\u00f2sit Casanoves 14\/12\/2020<\/a><\/strong><\/p>\n\n\n\n<p><strong><a href=\"https:\/\/www.somasrsa.cat\/?attachment_id=4992\"> \u2022 Dip\u00f2sit Cap\u00e7alera Els Brucs 14\/12\/2020<\/a><\/strong><\/p>\n\n\n\n<p><a href=\"https:\/\/www.somasrsa.cat\/?attachment_id=4992\"> \u2022 <\/a><strong><a href=\"https:\/\/www.somasrsa.cat\/?attachment_id=4994\">Dip\u00f2sit Sant Pere 30\/12\/2020<\/a><\/strong><\/p>\n\n\n\n<p><\/p>\n","protected":false},"excerpt":{"rendered":"<p>\u2022 Dip\u00f2sit Vista alegre 9\/01\/2020 \u2022 ETAP Ripoll 9\/01\/2020 \u2022 Dip\u00f2sit Ciutat jard\u00ed (informe d\u2019assaig) 28\/01\/2020 \u2022 Dip\u00f2sit Sant Pere 29\/01\/2020 \u2022 Xarxa els Brucs (arqueta) 29\/01\/2020 \u2022 ETAP Ripoll &#8230;<\/p>\n","protected":false},"author":1,"featured_media":0,"parent":0,"menu_order":0,"comment_status":"closed","ping_status":"closed","template":"","meta":{"footnotes":""},"class_list":["post-4177","page","type-page","status-publish","hentry"],"_links":{"self":[{"href":"https:\/\/www.somasrsa.cat\/index.php?rest_route=\/wp\/v2\/pages\/4177","targetHints":{"allow":["GET"]}}],"collection":[{"href":"https:\/\/www.somasrsa.cat\/index.php?rest_route=\/wp\/v2\/pages"}],"about":[{"href":"https:\/\/www.somasrsa.cat\/index.php?rest_route=\/wp\/v2\/types\/page"}],"author":[{"embeddable":true,"href":"https:\/\/www.somasrsa.cat\/index.php?rest_route=\/wp\/v2\/users\/1"}],"replies":[{"embeddable":true,"href":"https:\/\/www.somasrsa.cat\/index.php?rest_route=%2Fwp%2Fv2%2Fcomments&post=4177"}],"version-history":[{"count":17,"href":"https:\/\/www.somasrsa.cat\/index.php?rest_route=\/wp\/v2\/pages\/4177\/revisions"}],"predecessor-version":[{"id":5006,"href":"https:\/\/www.somasrsa.cat\/index.php?rest_route=\/wp\/v2\/pages\/4177\/revisions\/5006"}],"wp:attachment":[{"href":"https:\/\/www.somasrsa.cat\/index.php?rest_route=%2Fwp%2Fv2%2Fmedia&parent=4177"}],"curies":[{"name":"wp","href":"https:\/\/api.w.org\/{rel}","templated":true}]}}