{"id":5074,"date":"2021-03-25T15:53:26","date_gmt":"2021-03-25T15:53:26","guid":{"rendered":"https:\/\/www.somasrsa.cat\/?page_id=5074"},"modified":"2022-06-17T06:50:21","modified_gmt":"2022-06-17T06:50:21","slug":"analitiques-de-xarxa-2021","status":"publish","type":"page","link":"https:\/\/www.somasrsa.cat\/?page_id=5074","title":{"rendered":"Anal\u00edtiques de xarxa 2021"},"content":{"rendered":"\n<p> <a href=\"https:\/\/www.somasrsa.cat\/?attachment_id=5275\">\u2022<\/a> <strong><a href=\"https:\/\/www.somasrsa.cat\/wp-content\/uploads\/2021\/05\/S2SOMASRSA_S2RIPOLDP_7338846_12012021_v1.pdf\">Dip\u00f2sit Sant Pere 12\/01\/2021<\/a><\/strong><\/p>\n\n\n\n<p> <a href=\"https:\/\/www.somasrsa.cat\/?attachment_id=5275\">\u2022<\/a> <a href=\"https:\/\/www.somasrsa.cat\/wp-content\/uploads\/2021\/05\/S2SOMASRSA_S2RIPOLETP_7350917_14012021_v1.pdf\"><strong>ETAP Ripoll 14\/01\/2021<\/strong><\/a><\/p>\n\n\n\n<p> <a href=\"https:\/\/www.somasrsa.cat\/?attachment_id=5275\">\u2022<\/a> <strong><a href=\"https:\/\/www.somasrsa.cat\/wp-content\/uploads\/2021\/05\/S2SOMASRSA_S2RIPOLDVA_7376116_02022021_v1.pdf\">Dip\u00f2sit Vista Alegre 02\/02\/2021<\/a><\/strong><\/p>\n\n\n\n<p> <a href=\"https:\/\/www.somasrsa.cat\/?attachment_id=5275\">\u2022<\/a> <strong><a href=\"https:\/\/www.somasrsa.cat\/wp-content\/uploads\/2021\/05\/S2SOMASRSA_S2RIPOLXBR_7350918_03022021_v1-2.pdf\">Xarxa Els Brucs Arqueta 03\/02\/2021<\/a><\/strong> <a href=\"https:\/\/www.somasrsa.cat\/?attachment_id=5275\">\u2022<\/a><\/p>\n\n\n\n<p> <a href=\"https:\/\/www.somasrsa.cat\/?attachment_id=5275\">\u2022<\/a> <strong><a href=\"https:\/\/www.somasrsa.cat\/wp-content\/uploads\/2021\/05\/S2SOMASRSA_S2RIPOLDP_7388600_09022021_v1.pdf\">Dip\u00f2sit Sant Pere 09\/02\/2021<\/a><\/strong><\/p>\n\n\n\n<p> <a href=\"https:\/\/www.somasrsa.cat\/?attachment_id=5275\">\u2022<\/a> <strong><a href=\"https:\/\/www.somasrsa.cat\/wp-content\/uploads\/2021\/05\/SOR_RIPOLL_20210210_118404_-ETAP-Ripoll-_v1.pdf\">ETAP Ripoll (informe d&#8217; assaig)  10\/02\/2021<\/a><\/strong><\/p>\n\n\n\n<p> <a href=\"https:\/\/www.somasrsa.cat\/?attachment_id=5275\">\u2022<\/a> <strong><a href=\"https:\/\/www.somasrsa.cat\/wp-content\/uploads\/2021\/05\/S2SOMASRSA_S2RIPOLETP_7406140_16022021_v1.pdf\">ETAP Ripoll 16\/02\/2021<\/a><\/strong><\/p>\n\n\n\n<p> <a href=\"https:\/\/www.somasrsa.cat\/?attachment_id=5275\">\u2022<\/a> <strong><a href=\"https:\/\/www.somasrsa.cat\/wp-content\/uploads\/2021\/05\/S2SOMASRSA_S2RIPOLETP_7451438_09032021_v1.pdf\">ETAP Ripoll 09\/03\/2021<\/a><\/strong><\/p>\n\n\n\n<p> <a href=\"https:\/\/www.somasrsa.cat\/?attachment_id=5275\">\u2022<\/a> <strong><a href=\"https:\/\/www.somasrsa.cat\/wp-content\/uploads\/2021\/05\/S2SOMASRSA_S2RIPOLDP_7438657_16032021_v1.pdf\">Dip\u00f2sit Sant Pere 16\/03\/2021<\/a><\/strong><\/p>\n\n\n\n<p> <a href=\"https:\/\/www.somasrsa.cat\/?attachment_id=5275\">\u2022<\/a> <strong><a href=\"https:\/\/www.somasrsa.cat\/wp-content\/uploads\/2021\/05\/S2SOMASRSA_S2RIPOLXAR_7477357_23032021_v1.pdf\">Xarxa Ripoll (Ctra. Barcelona 51)  23\/03\/2021<\/a><\/strong><\/p>\n\n\n\n<p> <a href=\"https:\/\/www.somasrsa.cat\/?attachment_id=5275\">\u2022<\/a> <strong><a href=\"https:\/\/www.somasrsa.cat\/wp-content\/uploads\/2021\/05\/SOR_RIPOLL_20210325_119650_-Dip%C3%B2sit-Cap%C3%A7alera-Sant-Pe-_v1.pdf\">Dip\u00f2sit Sant Pere (Informe d&#8217; assaig)  25\/03\/2021<\/a><\/strong><\/p>\n\n\n\n<p> <a href=\"https:\/\/www.somasrsa.cat\/?attachment_id=5275\">\u2022<\/a> <strong><a href=\"https:\/\/www.somasrsa.cat\/wp-content\/uploads\/2021\/05\/S2SOMASRSA_S2RIPOLXBR_7477358_30032021_v1.pdf\">Xarxa Els Brucs Arqueta  30\/03\/2021<\/a><\/strong><\/p>\n\n\n\n<p> <a href=\"https:\/\/www.somasrsa.cat\/?attachment_id=5275\">\u2022<\/a> <strong><a href=\"https:\/\/www.somasrsa.cat\/wp-content\/uploads\/2021\/05\/S2SOMASRSA_S2RIPOLX18_7490020_08042021_v1.pdf\">Dip\u00f2sit Engordans 08\/04\/2021<\/a><\/strong><\/p>\n\n\n\n<p> <a href=\"https:\/\/www.somasrsa.cat\/?attachment_id=5275\">\u2022<\/a> <strong><a href=\"https:\/\/www.somasrsa.cat\/wp-content\/uploads\/2021\/05\/S2SOMASRSA_S2RIPOLDP_7502503_14042021_v1.pdf\">Dip\u00f2sit Sant Pere 14\/04\/2021<\/a><\/strong><\/p>\n\n\n\n<p> \u2022 <strong><a href=\"https:\/\/www.somasrsa.cat\/wp-content\/uploads\/2021\/05\/S2SOMASRSA_S2RIPOLETP_7514449_20042021_v1.pdf\">ETAP Ripoll 20\/04\/2021<\/a><\/strong><\/p>\n\n\n\n<p> \u2022 <strong><a href=\"https:\/\/www.somasrsa.cat\/wp-content\/uploads\/2021\/05\/S2SOMASRSA_S2RIPODBRU_7574225_21042021_v1_neteja-dip%C3%B2sit-tard.pdf\">Dip\u00f2sit Cap\u00e7alera Els Brucs 21\/04\/2021<\/a><\/strong><\/p>\n\n\n\n<p> \u2022 <strong><a href=\"https:\/\/www.somasrsa.cat\/wp-content\/uploads\/2021\/05\/S2SOMASRSA_S2RIPOLDNB_7574226_21042021_v1_neteja-dip%C3%B2sit-tard.pdf\">Dip\u00f2sit Casanova de Baix 21\/04\/2021<\/a><\/strong><\/p>\n\n\n\n<p> \u2022<a href=\"https:\/\/www.somasrsa.cat\/wp-content\/uploads\/2021\/05\/S2SOMASRSA_S2RIPODBRU_7514448_27042021_v1-2.pdf\"> <\/a><strong><a href=\"https:\/\/www.somasrsa.cat\/wp-content\/uploads\/2021\/05\/S2SOMASRSA_S2RIPODBRU_7514448_27042021_v1-2.pdf\">Dip\u00f2sit Cap\u00e7alera Els Brucs 27\/04\/2021<\/a><\/strong><\/p>\n\n\n\n<p> \u2022<a href=\"https:\/\/www.somasrsa.cat\/wp-content\/uploads\/2021\/05\/S2SOMASRSA_S2RIPODBRU_7514448_27042021_v1-2.pdf\"> <\/a><strong><a href=\"https:\/\/www.somasrsa.cat\/wp-content\/uploads\/2021\/05\/S2SOMASRSA_S2RIPOLDP_7588621_29042021_v1_neteja-dip%C3%B2sits.pdf\">Dip\u00f2sit Sant Pere 29\/04\/2021<\/a><\/strong><\/p>\n\n\n\n<p> \u2022<a href=\"https:\/\/www.somasrsa.cat\/wp-content\/uploads\/2021\/05\/S2SOMASRSA_S2RIPODBRU_7514448_27042021_v1-2.pdf\"> <\/a><strong><a href=\"https:\/\/www.somasrsa.cat\/wp-content\/uploads\/2021\/06\/S2SOMASRSA_S2RIPOLDP_7555943_12052021_v1.pdf\">Dip\u00f2sit Sant Pere 12\/05\/2021<\/a><\/strong><\/p>\n\n\n\n<p> \u2022<strong> <a href=\"https:\/\/www.somasrsa.cat\/wp-content\/uploads\/2021\/07\/SOR_RIPOLL_20210518_123317_-Xarxa-Ripoll-_v1.pdf\">Xarxa Ripoll (Inform<\/a><\/strong><strong><a href=\"https:\/\/www.somasrsa.cat\/wp-content\/uploads\/2021\/07\/SOR_RIPOLL_20210518_123317_-Xarxa-Ripoll-_v1.pdf\">e d&#8217;assaig) 18\/05\/2021<\/a><\/strong><\/p>\n\n\n\n<p> \u2022 <a href=\"https:\/\/www.somasrsa.cat\/wp-content\/uploads\/2021\/07\/S2SOMASRSA_S2RIPOLETP_7631426_20052021_v1_neteja-dip%C3%B2sit.pdf\"><strong>ETAP Ripoll 20\/05\/2021<\/strong><\/a><\/p>\n\n\n\n<p> \u2022<strong> <a href=\"https:\/\/www.somasrsa.cat\/wp-content\/uploads\/2021\/06\/S2SOMASRSA_S2RIPOLETP_7568492_25052021_v1.pdf\">ETAP Ripoll 25\/05\/2021<\/a><\/strong><\/p>\n\n\n\n<p> \u2022<strong><a href=\"https:\/\/www.somasrsa.cat\/wp-content\/uploads\/2021\/06\/S2SOMASRSA_7568491_26052021_v1.pdf\"> ETAP Ripoll 26\/05\/2021<\/a><\/strong><\/p>\n\n\n\n<p> \u2022<strong> <a href=\"https:\/\/www.somasrsa.cat\/wp-content\/uploads\/2021\/07\/S2SOMASRSA_S2RIEECOSTABONA_7659894_03062021_v1_neteja-dip%C3%B2sit.pdf\">E.E.Costabona 03\/06\/2021<\/a><\/strong><\/p>\n\n\n\n<p> \u2022<strong> <a href=\"https:\/\/www.somasrsa.cat\/wp-content\/uploads\/2021\/07\/S2SOMASRSA_S2RIPDIPOSITCIUJAR_7595111_08062021_v1.pdf\">Dip\u00f2sit Ciutat Jard\u00ed 08\/06\/2021<\/a><\/strong><\/p>\n\n\n\n<p> \u2022<strong><a href=\"https:\/\/www.somasrsa.cat\/wp-content\/uploads\/2021\/07\/S2SOMASRSA_S2RIPOLDP_7610572_08062021_v1.pdf\"> Dip\u00f2sit Sant Pere 08\/06\/2021<\/a><\/strong><\/p>\n\n\n\n<p> \u2022<strong> <a href=\"https:\/\/www.somasrsa.cat\/wp-content\/uploads\/2021\/07\/S2SOMASRSA_S2RIPDIPOSITCIUJAR_7681412_15062021_v1_neteja-dip%C3%B2sit.pdf\">Dip\u00f2sit Ciutat Jard\u00ed 15\/06\/2021<\/a><\/strong><\/p>\n\n\n\n<p> \u2022<strong> <a href=\"https:\/\/www.somasrsa.cat\/wp-content\/uploads\/2021\/07\/S2SOMASRSA_S2RIPOLETP_7623732_15062021_v1.pdf\">ETAP Ripoll 15\/06\/2021<\/a><\/strong><\/p>\n\n\n\n<p> \u2022<strong> <a href=\"https:\/\/www.somasrsa.cat\/wp-content\/uploads\/2021\/07\/SOR_RIPOLL_20210615_124766_-Dip%C3%B2sit-Distribuci%C3%B3-Casan-_v1.pdf\">Dip\u00f2sit Casanova (Informe d&#8217; assaig) 15\/06\/2021<\/a><\/strong><\/p>\n\n\n\n<p> \u2022<strong> <a href=\"https:\/\/www.somasrsa.cat\/wp-content\/uploads\/2021\/07\/S2SOMASRSA_S2RIPOLDP_7684777_17062021_v1_neteja-dip%C3%B2sit.pdf\">Dip\u00f2sit Sant Pere 17\/06\/2021<\/a><\/strong><\/p>\n\n\n\n<p> \u2022<strong> <a href=\"https:\/\/www.somasrsa.cat\/wp-content\/uploads\/2021\/07\/S2SOMASRSA_S2RIPOLX18_7710465_01072021_v1_neteja-dip%C3%B2sit.pdf\">Dip\u00f2sit Engordans 01\/07\/2021<\/a><\/strong><\/p>\n\n\n\n<p> \u2022<strong> <a href=\"https:\/\/www.somasrsa.cat\/wp-content\/uploads\/2021\/08\/S2SOMASRSA_S2RIPOLXBR_7677698_06072021_v1.pdf\">Xarxa Els Brucs Arqueta 06\/07\/2021<\/a><\/strong><\/p>\n\n\n\n<p> \u2022<strong> <a href=\"https:\/\/www.somasrsa.cat\/wp-content\/uploads\/2021\/08\/S2SOMASRSA_S2RIPOLDP_7677697_07072021_v1.pdf\">Dip\u00f2sit Sant Pere 07\/07\/2021<\/a><\/strong><\/p>\n\n\n\n<p> \u2022<strong> <a href=\"https:\/\/www.somasrsa.cat\/wp-content\/uploads\/2021\/08\/SOR_RIPOLL_20210708_126959_-Dip%C3%B2sit-Vista-Alegre-_v1.pdf\">Dip\u00f2sit Vista Alegre (Informe d&#8217; assaig) 08\/07\/2021<\/a><\/strong><\/p>\n\n\n\n<p> \u2022<strong><a href=\"https:\/\/www.somasrsa.cat\/wp-content\/uploads\/2021\/08\/S2SOMASRSA_S2RIPOLETP_7689826_22072021_v1.pdf\"> ETAP Ripoll  22\/07\/2021<\/a><\/strong> <\/p>\n\n\n\n<p><a href=\"https:\/\/www.somasrsa.cat\/wp-content\/uploads\/2021\/10\/S2SOMASRSA_S2RIPOLXAR_7718147_03082021_v1.pdf\"> \u2022<\/a><strong><a href=\"https:\/\/www.somasrsa.cat\/wp-content\/uploads\/2021\/10\/S2SOMASRSA_S2RIPOLXAR_7718147_03082021_v1.pdf\"> Xarxa Ripoll Ctra. Barcelona 51 03\/08\/2021<\/a><\/strong><a href=\"https:\/\/www.somasrsa.cat\/wp-content\/uploads\/2021\/10\/S2SOMASRSA_S2RIPOLXAR_7718147_03082021_v1.pdf\"> <\/a><\/p>\n\n\n\n<p> \u2022<strong><a href=\"https:\/\/www.somasrsa.cat\/wp-content\/uploads\/2021\/10\/S2SOMASRSA_S2RIPOLETP_7744750_17082021_v1.pdf\"> ETAP Ripoll 17\/08\/2021<\/a><\/strong> <\/p>\n\n\n\n<p> \u2022<strong><a href=\"https:\/\/www.somasrsa.cat\/wp-content\/uploads\/2021\/10\/S2SOMASRSA_S2RIPODBRU_7744749_17082021_v1.pdf\"> Dip\u00f2sit Cap\u00e7alera Els Brucs 17\/08\/2021<\/a><\/strong><a href=\"https:\/\/www.somasrsa.cat\/wp-content\/uploads\/2021\/10\/S2SOMASRSA_S2RIPODBRU_7744749_17082021_v1.pdf\"> <\/a><\/p>\n\n\n\n<p> \u2022<strong><a href=\"https:\/\/www.somasrsa.cat\/wp-content\/uploads\/2021\/10\/S2SOMASRSA_S2RIPOLDP_7731370_25082021_v1.pdf\"> Dip\u00f2sit Sant Pere 25\/08\/2021<\/a><\/strong><a href=\"https:\/\/www.somasrsa.cat\/wp-content\/uploads\/2021\/10\/S2SOMASRSA_S2RIPOLDP_7731370_25082021_v1.pdf\"> <\/a><\/p>\n\n\n\n<p> \u2022<strong> <a href=\"https:\/\/www.somasrsa.cat\/wp-content\/uploads\/2021\/10\/S2SOMASRSA_S2RIPOLDP_7787235_02092021_v1.pdf\">Dip\u00f2sit Sant Pere  02\/09\/2021<\/a><\/strong><a href=\"https:\/\/www.somasrsa.cat\/wp-content\/uploads\/2021\/10\/S2SOMASRSA_S2RIPOLDP_7787235_02092021_v1.pdf\"> <\/a><\/p>\n\n\n\n<p> <a href=\"https:\/\/www.somasrsa.cat\/wp-content\/uploads\/2021\/11\/SOR_RIPOLL_20210908_131305_-Dip%C3%B2sit-Cap%C3%A7alera-Sant-Pe-_v1.pdf\">\u2022<\/a><strong><a href=\"https:\/\/www.somasrsa.cat\/wp-content\/uploads\/2021\/11\/SOR_RIPOLL_20210908_131305_-Dip%C3%B2sit-Cap%C3%A7alera-Sant-Pe-_v1.pdf\"> Dip\u00f2sit Cap\u00e7alera Sant Pere (Informe d&#8217; assaig) 08\/09\/2021<\/a><\/strong><a href=\"https:\/\/www.somasrsa.cat\/wp-content\/uploads\/2021\/11\/SOR_RIPOLL_20210908_131305_-Dip%C3%B2sit-Cap%C3%A7alera-Sant-Pe-_v1.pdf\">     <\/a><\/p>\n\n\n\n<p> \u2022<strong> <a href=\"https:\/\/www.somasrsa.cat\/wp-content\/uploads\/2021\/10\/S2SOMASRSA_S2RIPOLETP_7863116_16092021_v1_neteja-dip%C3%B2sit.pdf\">ETAP Ripoll  16\/09\/2021<\/a><\/strong><a href=\"https:\/\/www.somasrsa.cat\/wp-content\/uploads\/2021\/10\/S2SOMASRSA_S2RIPOLETP_7863116_16092021_v1_neteja-dip%C3%B2sit.pdf\"> <\/a>    <\/p>\n\n\n\n<p> <a href=\"https:\/\/www.somasrsa.cat\/wp-content\/uploads\/2021\/10\/S2SOMASRSA_S2RIPOLETP_7814312_21092021_v1.pdf\">\u2022<\/a><strong><a href=\"https:\/\/www.somasrsa.cat\/wp-content\/uploads\/2021\/10\/S2SOMASRSA_S2RIPOLETP_7814312_21092021_v1.pdf\"> ETAP Ripoll  21\/09\/2021<\/a><\/strong>      <\/p>\n\n\n\n<p> \u2022<strong><a href=\"https:\/\/www.somasrsa.cat\/wp-content\/uploads\/2021\/10\/S2SOMASRSA_S2RIPOLDP_7842394_30092021_v1.pdf\"> Dip\u00f2sit Sant Pere  30\/09\/2021<\/a><\/strong>      <\/p>\n\n\n\n<p> \u2022<strong><a href=\"https:\/\/www.somasrsa.cat\/wp-content\/uploads\/2021\/11\/S2SOMASRSA_S2RIPOLETP_7866931_14102021_v1.pdf\"> ETAP Ripoll 14\/10\/2021<\/a><\/strong><a href=\"https:\/\/www.somasrsa.cat\/wp-content\/uploads\/2021\/11\/S2SOMASRSA_S2RIPOLETP_7866931_14102021_v1.pdf\">      <\/a><\/p>\n\n\n\n<p> \u2022<strong><a href=\"https:\/\/www.somasrsa.cat\/wp-content\/uploads\/2021\/11\/S2SOMASRSA_S2RIEEENGORDAN_7929348_21102021_v1_neteja-dip%C3%B2sit.pdf\"> Estaci\u00f3 Elevaci\u00f3 Engordans 21\/10\/2021<\/a><\/strong><a href=\"https:\/\/www.somasrsa.cat\/wp-content\/uploads\/2021\/11\/S2SOMASRSA_S2RIEEENGORDAN_7929348_21102021_v1_neteja-dip%C3%B2sit.pdf\">      <\/a><\/p>\n\n\n\n<p> <a href=\"https:\/\/www.somasrsa.cat\/wp-content\/uploads\/2021\/11\/21-10-2021_DIP%C3%92SIT-CAP%C3%87.-ELS-BRUCS_3145774.pdf\">\u2022<\/a><strong><a href=\"https:\/\/www.somasrsa.cat\/wp-content\/uploads\/2021\/11\/21-10-2021_DIP%C3%92SIT-CAP%C3%87.-ELS-BRUCS_3145774.pdf\"> Dip\u00f2sit Cap\u00e7. Els Brucs (Informe d&#8217; an\u00e0lisi) 21\/10\/2021<\/a><\/strong>      <\/p>\n\n\n\n<p> \u2022<strong><a href=\"https:\/\/www.somasrsa.cat\/wp-content\/uploads\/2021\/11\/21-10-2021_ETAP-RIPOLL_3145775.pdf\"> ETAP Ripoll (Informe d&#8217;an\u00e0lisi) 21\/10\/2021<\/a><\/strong><a href=\"https:\/\/www.somasrsa.cat\/wp-content\/uploads\/2021\/11\/21-10-2021_ETAP-RIPOLL_3145775.pdf\">      <\/a><\/p>\n\n\n\n<p> \u2022<strong> <a href=\"https:\/\/www.somasrsa.cat\/wp-content\/uploads\/2021\/11\/S2SOMASRSA_S2RIPOLXAR_7891711_27102021_v1.pdf\">Xarxa Ripoll (Ctra. Barcelona 51)  27\/10\/2021<\/a><\/strong><a href=\"https:\/\/www.somasrsa.cat\/wp-content\/uploads\/2021\/11\/S2SOMASRSA_S2RIPOLXAR_7891711_27102021_v1.pdf\"> <\/a>     <\/p>\n\n\n\n<p> \u2022<strong><a href=\"https:\/\/www.somasrsa.cat\/wp-content\/uploads\/2021\/11\/S2SOMASRSA_S2RIPOLDVA_7942159_28102021_v1_neteja-dip%C3%B2sit.pdf\"> Dip\u00f2sit Vista Alegre  28\/10\/2021<\/a><\/strong><a href=\"https:\/\/www.somasrsa.cat\/wp-content\/uploads\/2021\/11\/S2SOMASRSA_S2RIPOLDVA_7942159_28102021_v1_neteja-dip%C3%B2sit.pdf\">      <\/a><\/p>\n\n\n\n<p> \u2022<strong><a href=\"https:\/\/www.somasrsa.cat\/wp-content\/uploads\/2021\/12\/S2SOMASRSA_S2RIEESTPERE_7970198_11112021_v1_neteja-dip%C3%B2sit.pdf\"> E.E. Sant Pere 11\/11\/2021<\/a><\/strong>     <\/p>\n\n\n\n<p> \u2022<strong> <a href=\"https:\/\/www.somasrsa.cat\/wp-content\/uploads\/2021\/12\/S2SOMASRSA_S2RIPOLETP_7921413_15112021_v1.pdf\">ETAP Ripoll 15\/11\/2021<\/a><\/strong><\/p>\n\n\n\n<p> \u2022<strong><a href=\"https:\/\/www.somasrsa.cat\/wp-content\/uploads\/2021\/12\/SOR_RIPOLL_20211118_134973_-Dip%C3%B2sit-Distribuci%C3%B3-Ciuta-_v1.pdf\"> Dip\u00f2sit Distribuci\u00f3 Ciutat Jard\u00ed (Informe d&#8217; assaig) 15\/11\/2021<\/a><\/strong><\/p>\n\n\n\n<p><\/p>\n\n\n\n<p><strong>.<a href=\"https:\/\/www.somasrsa.cat\/wp-content\/uploads\/2021\/12\/S2SOMASRSA_S2RIPOLLDC_7947369_24112021_v1.pdf\"> Dip\u00f2sit Casanova de Baix 24\/11\/2021<\/a><\/strong><\/p>\n\n\n\n<p><strong>.<a href=\"https:\/\/www.somasrsa.cat\/wp-content\/uploads\/2022\/01\/03-12-2021_ETAP-RIPOLL_3188604.pdf\"> ETAP Ripoll (Informe d&#8217; an\u00e0lisi) 3\/12\/2021<\/a><\/strong><\/p>\n\n\n\n<p><strong>. <a href=\"https:\/\/www.somasrsa.cat\/wp-content\/uploads\/2022\/01\/S2SOMASRSA_S2RIPODBRU_7987923_20122021_v1.pdf\">Dip\u00f2sit Capc. Els Brucs (Informe Anal\u00edtic) 20\/12\/2021<\/a><\/strong><\/p>\n","protected":false},"excerpt":{"rendered":"<p>\u2022 Dip\u00f2sit Sant Pere 12\/01\/2021 \u2022 ETAP Ripoll 14\/01\/2021 \u2022 Dip\u00f2sit Vista Alegre 02\/02\/2021 \u2022 Xarxa Els Brucs Arqueta 03\/02\/2021 \u2022 \u2022 Dip\u00f2sit Sant Pere 09\/02\/2021 \u2022 ETAP Ripoll (informe &#8230;<\/p>\n","protected":false},"author":1,"featured_media":0,"parent":0,"menu_order":0,"comment_status":"closed","ping_status":"closed","template":"","meta":{"footnotes":""},"class_list":["post-5074","page","type-page","status-publish","hentry"],"_links":{"self":[{"href":"https:\/\/www.somasrsa.cat\/index.php?rest_route=\/wp\/v2\/pages\/5074","targetHints":{"allow":["GET"]}}],"collection":[{"href":"https:\/\/www.somasrsa.cat\/index.php?rest_route=\/wp\/v2\/pages"}],"about":[{"href":"https:\/\/www.somasrsa.cat\/index.php?rest_route=\/wp\/v2\/types\/page"}],"author":[{"embeddable":true,"href":"https:\/\/www.somasrsa.cat\/index.php?rest_route=\/wp\/v2\/users\/1"}],"replies":[{"embeddable":true,"href":"https:\/\/www.somasrsa.cat\/index.php?rest_route=%2Fwp%2Fv2%2Fcomments&post=5074"}],"version-history":[{"count":86,"href":"https:\/\/www.somasrsa.cat\/index.php?rest_route=\/wp\/v2\/pages\/5074\/revisions"}],"predecessor-version":[{"id":10165,"href":"https:\/\/www.somasrsa.cat\/index.php?rest_route=\/wp\/v2\/pages\/5074\/revisions\/10165"}],"wp:attachment":[{"href":"https:\/\/www.somasrsa.cat\/index.php?rest_route=%2Fwp%2Fv2%2Fmedia&parent=5074"}],"curies":[{"name":"wp","href":"https:\/\/api.w.org\/{rel}","templated":true}]}}