{"id":677,"date":"2017-11-23T17:16:28","date_gmt":"2017-11-23T17:16:28","guid":{"rendered":"https:\/\/www.somasrsa.cat\/?page_id=677"},"modified":"2025-08-25T11:39:46","modified_gmt":"2025-08-25T11:39:46","slug":"obres-realitzades","status":"publish","type":"page","link":"https:\/\/www.somasrsa.cat\/?page_id=677","title":{"rendered":"Obres realitzades antigues"},"content":{"rendered":"<h4><span style=\"color: #00ccff;\">Reparaci\u00f3 de les filtracions del col\u00b7lector d\u2019aig\u00fces residuals<\/span><\/h4>\n<p>SOMASRSA repara un tram de col\u00b7lector d\u2019aig\u00fces residuals que creua el riu Ter fins a connectar a la xarxa de col\u00b7lectors en alta i es resol aix\u00ed part dels problemes d\u2019entrades d\u2019aig\u00fces blanques del riu a la depuradora.<\/p>\n<p><img loading=\"lazy\" decoding=\"async\" class=\"alignleft size-medium wp-image-9303\" src=\"https:\/\/www.somasrsa.cat\/wp-content\/uploads\/2022\/04\/Ter_1-225x300.jpeg\" alt=\"\" width=\"225\" height=\"300\" srcset=\"https:\/\/www.somasrsa.cat\/wp-content\/uploads\/2022\/04\/Ter_1-225x300.jpeg 225w, https:\/\/www.somasrsa.cat\/wp-content\/uploads\/2022\/04\/Ter_1-768x1024.jpeg 768w, https:\/\/www.somasrsa.cat\/wp-content\/uploads\/2022\/04\/Ter_1.jpeg 1200w\" sizes=\"auto, (max-width: 225px) 100vw, 225px\" \/><img loading=\"lazy\" decoding=\"async\" class=\"alignleft size-medium wp-image-9304\" src=\"https:\/\/www.somasrsa.cat\/wp-content\/uploads\/2022\/04\/Ter_2-300x225.jpeg\" alt=\"\" width=\"300\" height=\"225\" srcset=\"https:\/\/www.somasrsa.cat\/wp-content\/uploads\/2022\/04\/Ter_2-300x225.jpeg 300w, https:\/\/www.somasrsa.cat\/wp-content\/uploads\/2022\/04\/Ter_2-768x576.jpeg 768w, https:\/\/www.somasrsa.cat\/wp-content\/uploads\/2022\/04\/Ter_2-1024x768.jpeg 1024w, https:\/\/www.somasrsa.cat\/wp-content\/uploads\/2022\/04\/Ter_2-285x214.jpeg 285w, https:\/\/www.somasrsa.cat\/wp-content\/uploads\/2022\/04\/Ter_2.jpeg 1600w\" sizes=\"auto, (max-width: 300px) 100vw, 300px\" \/><\/p>\n<p><!--more--><\/p>\n<p><!--more--><\/p>\n<h4><\/h4>\n<h4><\/h4>\n<h4><span style=\"color: #00ccff;\">Reparaci\u00f3 de la canonada d\u2019impulsi\u00f3 d\u2019aigua a l\u2019ETAP de Ripoll i Campdev\u00e0nol<\/span><\/h4>\n<p>SOMASRSA realitza actuacions de protecci\u00f3 i refor\u00e7 d\u2019un tram de canonada d&#8217;impulsi\u00f3 d\u2019aigua cap a l\u2019ETAP de Ripoll i Campdev\u00e0nol que va quedar malmesa durant el temporal Gl\u00f2ria.<\/p>\n<p><img loading=\"lazy\" decoding=\"async\" class=\"alignleft size-medium wp-image-9300\" src=\"https:\/\/www.somasrsa.cat\/wp-content\/uploads\/2022\/04\/Corones_1-1-225x300.jpg\" alt=\"\" width=\"225\" height=\"300\" srcset=\"https:\/\/www.somasrsa.cat\/wp-content\/uploads\/2022\/04\/Corones_1-1-225x300.jpg 225w, https:\/\/www.somasrsa.cat\/wp-content\/uploads\/2022\/04\/Corones_1-1-768x1024.jpg 768w, https:\/\/www.somasrsa.cat\/wp-content\/uploads\/2022\/04\/Corones_1-1.jpg 1200w\" sizes=\"auto, (max-width: 225px) 100vw, 225px\" \/><img loading=\"lazy\" decoding=\"async\" class=\"alignleft size-medium wp-image-9301\" src=\"https:\/\/www.somasrsa.cat\/wp-content\/uploads\/2022\/04\/Corones_2-1-300x225.jpeg\" alt=\"\" width=\"300\" height=\"225\" srcset=\"https:\/\/www.somasrsa.cat\/wp-content\/uploads\/2022\/04\/Corones_2-1-300x225.jpeg 300w, https:\/\/www.somasrsa.cat\/wp-content\/uploads\/2022\/04\/Corones_2-1-768x576.jpeg 768w, https:\/\/www.somasrsa.cat\/wp-content\/uploads\/2022\/04\/Corones_2-1-1024x768.jpeg 1024w, https:\/\/www.somasrsa.cat\/wp-content\/uploads\/2022\/04\/Corones_2-1-285x214.jpeg 285w, https:\/\/www.somasrsa.cat\/wp-content\/uploads\/2022\/04\/Corones_2-1.jpeg 1600w\" sizes=\"auto, (max-width: 300px) 100vw, 300px\" \/><\/p>\n<p><img loading=\"lazy\" decoding=\"async\" class=\"alignleft size-medium wp-image-9302\" src=\"https:\/\/www.somasrsa.cat\/wp-content\/uploads\/2022\/04\/Corones_3-1-225x300.jpeg\" alt=\"\" width=\"225\" height=\"300\" srcset=\"https:\/\/www.somasrsa.cat\/wp-content\/uploads\/2022\/04\/Corones_3-1-225x300.jpeg 225w, https:\/\/www.somasrsa.cat\/wp-content\/uploads\/2022\/04\/Corones_3-1-768x1025.jpeg 768w, https:\/\/www.somasrsa.cat\/wp-content\/uploads\/2022\/04\/Corones_3-1-767x1024.jpeg 767w, https:\/\/www.somasrsa.cat\/wp-content\/uploads\/2022\/04\/Corones_3-1.jpeg 1157w\" sizes=\"auto, (max-width: 225px) 100vw, 225px\" \/><\/p>\n<p><!--more--><\/p>\n<p><!--more--><\/p>\n<h4><\/h4>\n<h4><\/h4>\n<h4><span style=\"color: #00ccff;\">Construcci\u00f3 \u00a0d&#8217;una protecci\u00f3 al marge de la llera del riu Ter de Ripoll a l\u2019al\u00e7ada del centre c\u00edvic:<\/span><\/h4>\n<p>SOMASRSA construeix una protecci\u00f3 al marge de la llera del riu Ter de Ripoll a l\u2019al\u00e7ada del centre c\u00edvic. Aquesta obra evitar\u00e0 l\u2019estancament d\u2019aig\u00fces procedents del sobreeixidor que hi ha just abans del creuament del riu i connexi\u00f3 al col\u00b7lector amb alta.<\/p>\n<p><img decoding=\"async\" src=\"https:\/\/www.somasrsa.cat\/wp-content\/uploads\/2019\/10\/Screenshot_20190925-075507.jpg\" alt=\"Aquesta imatge t\u00e9 l'atribut alt buit; el seu nom \u00e9s Screenshot_20190925-075507.jpg\" \/><\/p>\n<hr \/>\n<p><!--more--><\/p>\n<p><!--more--><\/p>\n<h4><\/h4>\n<h4><\/h4>\n<h4><span style=\"color: #00ccff;\">Instal\u00b7laci\u00f3 de 31 metres de canonada A c\/ Industria i c\/ Raval de l\u2019hospital:<\/span><\/h4>\n<p>SOMASRSA instal\u00b7la 31 metres de canonada de polietil\u00e8 de di\u00e0metre 75 al C\/ Ind\u00fastria. Amb aquestes obres queden mallades dels canonades del C\/ Industria i el C\/ \u00a0Raval de l\u2019Hospital.<\/p>\n<p><img loading=\"lazy\" decoding=\"async\" class=\"alignleft wp-image-1286 size-medium\" src=\"https:\/\/www.somasrsa.cat\/wp-content\/uploads\/2018\/11\/IMG-20181023-WA0004-225x300.jpg\" alt=\"\" width=\"225\" height=\"300\" \/><img loading=\"lazy\" decoding=\"async\" class=\"alignleft wp-image-1285 size-medium\" src=\"https:\/\/www.somasrsa.cat\/wp-content\/uploads\/2018\/11\/IMG-20181023-WA0002-225x300.jpg\" alt=\"\" width=\"225\" height=\"300\" \/><\/p>\n<hr \/>\n<p><!--more--><\/p>\n<p><!--more--><\/p>\n<h4><\/h4>\n<h4><span style=\"color: #00ccff;\">Renovaci\u00f3 de Canonada al C\/ dels Fargaires de Ripoll:<\/span><\/h4>\n<p>SOMASRSA renova 90 metres de canonada d\u2019aigua potable al C\/ dels Fargaires de Ripoll.<\/p>\n<h4><img loading=\"lazy\" decoding=\"async\" class=\"alignleft size-medium wp-image-1116\" src=\"https:\/\/www.somasrsa.cat\/wp-content\/uploads\/2018\/08\/IMG-20180405-WA0006-169x300.jpg\" alt=\"\" width=\"169\" height=\"300\" srcset=\"https:\/\/www.somasrsa.cat\/wp-content\/uploads\/2018\/08\/IMG-20180405-WA0006-169x300.jpg 169w, https:\/\/www.somasrsa.cat\/wp-content\/uploads\/2018\/08\/IMG-20180405-WA0006-768x1365.jpg 768w, https:\/\/www.somasrsa.cat\/wp-content\/uploads\/2018\/08\/IMG-20180405-WA0006-576x1024.jpg 576w, https:\/\/www.somasrsa.cat\/wp-content\/uploads\/2018\/08\/IMG-20180405-WA0006.jpg 900w\" sizes=\"auto, (max-width: 169px) 100vw, 169px\" \/> <img loading=\"lazy\" decoding=\"async\" class=\"alignleft size-medium wp-image-1117\" src=\"https:\/\/www.somasrsa.cat\/wp-content\/uploads\/2018\/08\/IMG-20180409-WA0002-169x300.jpg\" alt=\"\" width=\"169\" height=\"300\" srcset=\"https:\/\/www.somasrsa.cat\/wp-content\/uploads\/2018\/08\/IMG-20180409-WA0002-169x300.jpg 169w, https:\/\/www.somasrsa.cat\/wp-content\/uploads\/2018\/08\/IMG-20180409-WA0002-768x1365.jpg 768w, https:\/\/www.somasrsa.cat\/wp-content\/uploads\/2018\/08\/IMG-20180409-WA0002-576x1024.jpg 576w, https:\/\/www.somasrsa.cat\/wp-content\/uploads\/2018\/08\/IMG-20180409-WA0002.jpg 900w\" sizes=\"auto, (max-width: 169px) 100vw, 169px\" \/><\/h4>\n<h4><\/h4>\n<h4><\/h4>\n<h4><\/h4>\n<h4><\/h4>\n<h4><\/h4>\n<hr \/>\n<p><!--more--><\/p>\n<p><!--more--><\/p>\n<h4><\/h4>\n<h4><span style=\"color: #00ccff;\">Renovaci\u00f3 col\u00b7lector del C\/ Maci\u00e0 Bonaplata de Ripoll<\/span><\/h4>\n<p>SOMASRSA renova 62 metres de col\u00b7lector de clavegueram de di\u00e0metre 300 al C\/ Maci\u00e0 Bonaplata de Ripoll.<\/p>\n<p><img loading=\"lazy\" decoding=\"async\" class=\"alignleft size-medium wp-image-966\" src=\"https:\/\/www.somasrsa.cat\/wp-content\/uploads\/2018\/04\/IMG-20180309-WA0006-169x300.jpg\" alt=\"\" width=\"169\" height=\"300\" srcset=\"https:\/\/www.somasrsa.cat\/wp-content\/uploads\/2018\/04\/IMG-20180309-WA0006-169x300.jpg 169w, https:\/\/www.somasrsa.cat\/wp-content\/uploads\/2018\/04\/IMG-20180309-WA0006-768x1365.jpg 768w, https:\/\/www.somasrsa.cat\/wp-content\/uploads\/2018\/04\/IMG-20180309-WA0006-576x1024.jpg 576w, https:\/\/www.somasrsa.cat\/wp-content\/uploads\/2018\/04\/IMG-20180309-WA0006.jpg 900w\" sizes=\"auto, (max-width: 169px) 100vw, 169px\" \/> <img loading=\"lazy\" decoding=\"async\" class=\"alignleft size-medium wp-image-967\" src=\"https:\/\/www.somasrsa.cat\/wp-content\/uploads\/2018\/04\/IMG-20180315-WA0009-169x300.jpg\" alt=\"\" width=\"169\" height=\"300\" srcset=\"https:\/\/www.somasrsa.cat\/wp-content\/uploads\/2018\/04\/IMG-20180315-WA0009-169x300.jpg 169w, https:\/\/www.somasrsa.cat\/wp-content\/uploads\/2018\/04\/IMG-20180315-WA0009-768x1365.jpg 768w, https:\/\/www.somasrsa.cat\/wp-content\/uploads\/2018\/04\/IMG-20180315-WA0009-576x1024.jpg 576w, https:\/\/www.somasrsa.cat\/wp-content\/uploads\/2018\/04\/IMG-20180315-WA0009.jpg 900w\" sizes=\"auto, (max-width: 169px) 100vw, 169px\" \/><\/p>\n<h4><\/h4>\n<h4><\/h4>\n<h4><\/h4>\n<h4><\/h4>\n<h4><\/h4>\n<h4><\/h4>\n<hr \/>\n<p><!--more--><\/p>\n<p><!--more--><\/p>\n<h4><\/h4>\n<h4><span style=\"color: #00ccff;\">Renovaci\u00f3 canonada al C\/ Fontalba de Ripoll<\/span><\/h4>\n<p>SOMASRSA renova 105 metres de canonada d\u2019aigua potable al C\/ Fontalba de Ripoll.<\/p>\n<p><img loading=\"lazy\" decoding=\"async\" class=\"alignleft size-medium wp-image-964\" src=\"https:\/\/www.somasrsa.cat\/wp-content\/uploads\/2018\/04\/IMG-20180221-WA0012-169x300.jpg\" alt=\"\" width=\"169\" height=\"300\" srcset=\"https:\/\/www.somasrsa.cat\/wp-content\/uploads\/2018\/04\/IMG-20180221-WA0012-169x300.jpg 169w, https:\/\/www.somasrsa.cat\/wp-content\/uploads\/2018\/04\/IMG-20180221-WA0012-768x1365.jpg 768w, https:\/\/www.somasrsa.cat\/wp-content\/uploads\/2018\/04\/IMG-20180221-WA0012-576x1024.jpg 576w, https:\/\/www.somasrsa.cat\/wp-content\/uploads\/2018\/04\/IMG-20180221-WA0012.jpg 900w\" sizes=\"auto, (max-width: 169px) 100vw, 169px\" \/> <img loading=\"lazy\" decoding=\"async\" class=\"alignleft size-medium wp-image-965\" src=\"https:\/\/www.somasrsa.cat\/wp-content\/uploads\/2018\/04\/IMG-20180221-WA0010-169x300.jpg\" alt=\"\" width=\"169\" height=\"300\" srcset=\"https:\/\/www.somasrsa.cat\/wp-content\/uploads\/2018\/04\/IMG-20180221-WA0010-169x300.jpg 169w, https:\/\/www.somasrsa.cat\/wp-content\/uploads\/2018\/04\/IMG-20180221-WA0010-768x1365.jpg 768w, https:\/\/www.somasrsa.cat\/wp-content\/uploads\/2018\/04\/IMG-20180221-WA0010-576x1024.jpg 576w, https:\/\/www.somasrsa.cat\/wp-content\/uploads\/2018\/04\/IMG-20180221-WA0010.jpg 900w\" sizes=\"auto, (max-width: 169px) 100vw, 169px\" \/><\/p>\n<hr \/>\n<p><!--more--><!--more--><\/p>\n<h4><strong><span style=\"color: #00ccff;\">Renovaci\u00f3\u00a0<\/span><span style=\"color: #00ccff;\">sostre ETAP Ripoll<\/span><\/strong><\/h4>\n<p>SOMASRSA renova el sostre de la caseta d\u2019entrada als Dip\u00f2sits de l\u2019Estaci\u00f3 de Tractament d\u2019Aigua Potable.<\/p>\n<p><img loading=\"lazy\" decoding=\"async\" class=\"alignleft wp-image-886\" src=\"https:\/\/www.somasrsa.cat\/wp-content\/uploads\/2018\/02\/IMG-20180122-WA0005-300x169.jpg\" alt=\"\" width=\"371\" height=\"209\" srcset=\"https:\/\/www.somasrsa.cat\/wp-content\/uploads\/2018\/02\/IMG-20180122-WA0005-300x169.jpg 300w, https:\/\/www.somasrsa.cat\/wp-content\/uploads\/2018\/02\/IMG-20180122-WA0005-768x432.jpg 768w, https:\/\/www.somasrsa.cat\/wp-content\/uploads\/2018\/02\/IMG-20180122-WA0005-1024x576.jpg 1024w, https:\/\/www.somasrsa.cat\/wp-content\/uploads\/2018\/02\/IMG-20180122-WA0005.jpg 1600w\" sizes=\"auto, (max-width: 371px) 100vw, 371px\" \/> <img loading=\"lazy\" decoding=\"async\" class=\"alignleft wp-image-887\" src=\"https:\/\/www.somasrsa.cat\/wp-content\/uploads\/2018\/02\/IMG-20180122-WA0003-169x300.jpg\" alt=\"\" width=\"119\" height=\"211\" srcset=\"https:\/\/www.somasrsa.cat\/wp-content\/uploads\/2018\/02\/IMG-20180122-WA0003-169x300.jpg 169w, https:\/\/www.somasrsa.cat\/wp-content\/uploads\/2018\/02\/IMG-20180122-WA0003-768x1365.jpg 768w, https:\/\/www.somasrsa.cat\/wp-content\/uploads\/2018\/02\/IMG-20180122-WA0003-576x1024.jpg 576w, https:\/\/www.somasrsa.cat\/wp-content\/uploads\/2018\/02\/IMG-20180122-WA0003.jpg 900w\" sizes=\"auto, (max-width: 119px) 100vw, 119px\" \/><\/p>\n<h4><\/h4>\n<h4><\/h4>\n<h4><\/h4>\n<h4><\/h4>\n<hr \/>\n<p><!--more--><\/p>\n<p><!--more--><\/p>\n<h4><span style=\"color: #00ccff;\"><b>Renovaci\u00f3 col\u00b7lector clavegueram C\/ Hotelans<\/b><\/span><\/h4>\n<p>SOMASRSA renova 30 metres de col\u00b7lector de di\u00e0metre 300 al C\/ Hortelans.<\/p>\n<p><img loading=\"lazy\" decoding=\"async\" class=\"alignnone wp-image-679\" src=\"https:\/\/www.somasrsa.cat\/wp-content\/uploads\/2017\/11\/C-Hortelans-2-1-e1511456531404.jpg\" alt=\"\" width=\"224\" height=\"299\" srcset=\"https:\/\/www.somasrsa.cat\/wp-content\/uploads\/2017\/11\/C-Hortelans-2-1-e1511456531404.jpg 480w, https:\/\/www.somasrsa.cat\/wp-content\/uploads\/2017\/11\/C-Hortelans-2-1-e1511456531404-225x300.jpg 225w\" sizes=\"auto, (max-width: 224px) 100vw, 224px\" \/> <img loading=\"lazy\" decoding=\"async\" class=\"alignnone wp-image-678\" src=\"https:\/\/www.somasrsa.cat\/wp-content\/uploads\/2017\/11\/C-Hortelans-1-e1511456432399.jpg\" alt=\"\" width=\"363\" height=\"272\" srcset=\"https:\/\/www.somasrsa.cat\/wp-content\/uploads\/2017\/11\/C-Hortelans-1-e1511456432399.jpg 640w, https:\/\/www.somasrsa.cat\/wp-content\/uploads\/2017\/11\/C-Hortelans-1-e1511456432399-300x225.jpg 300w, https:\/\/www.somasrsa.cat\/wp-content\/uploads\/2017\/11\/C-Hortelans-1-e1511456432399-285x214.jpg 285w\" sizes=\"auto, (max-width: 363px) 100vw, 363px\" \/><\/p>\n<hr \/>\n<h2><\/h2>\n<p><!--more--><\/p>\n<p><!--more--><\/p>\n<h4><\/h4>\n<h4><\/h4>\n<h4><span style=\"color: #00ccff;\"><b>Eliminaci\u00f3 del sobreeixidor del Centre C\u00edvic<\/b><\/span><\/h4>\n<p>SOMASRSA elimina el sobreeixidor del col\u00b7lector de darrera el centre c\u00edvic, mitjan\u00e7ant la instal\u00b7laci\u00f3 de 92 metres de col\u00b7lector de di\u00e0metre 500.<\/p>\n<p><!--more--><\/p>\n<p><img loading=\"lazy\" decoding=\"async\" class=\"alignnone wp-image-680\" src=\"https:\/\/www.somasrsa.cat\/wp-content\/uploads\/2017\/11\/Centre-Civic.jpg\" alt=\"\" width=\"237\" height=\"421\" \/> <img loading=\"lazy\" decoding=\"async\" class=\"alignnone wp-image-681\" src=\"https:\/\/www.somasrsa.cat\/wp-content\/uploads\/2017\/11\/Centre-Civic-2.jpg\" alt=\"\" width=\"243\" height=\"432\" srcset=\"https:\/\/www.somasrsa.cat\/wp-content\/uploads\/2017\/11\/Centre-Civic-2.jpg 900w, https:\/\/www.somasrsa.cat\/wp-content\/uploads\/2017\/11\/Centre-Civic-2-169x300.jpg 169w, https:\/\/www.somasrsa.cat\/wp-content\/uploads\/2017\/11\/Centre-Civic-2-768x1365.jpg 768w, https:\/\/www.somasrsa.cat\/wp-content\/uploads\/2017\/11\/Centre-Civic-2-576x1024.jpg 576w\" sizes=\"auto, (max-width: 243px) 100vw, 243px\" \/><\/p>\n<hr \/>\n<p><!--more--><\/p>\n","protected":false},"excerpt":{"rendered":"<p>Reparaci\u00f3 de les filtracions del col\u00b7lector d\u2019aig\u00fces residuals SOMASRSA repara un tram de col\u00b7lector d\u2019aig\u00fces residuals que creua el riu Ter fins a connectar a la xarxa de col\u00b7lectors en &#8230;<\/p>\n","protected":false},"author":1,"featured_media":0,"parent":0,"menu_order":0,"comment_status":"closed","ping_status":"closed","template":"","meta":{"footnotes":""},"class_list":["post-677","page","type-page","status-publish","hentry"],"_links":{"self":[{"href":"https:\/\/www.somasrsa.cat\/index.php?rest_route=\/wp\/v2\/pages\/677","targetHints":{"allow":["GET"]}}],"collection":[{"href":"https:\/\/www.somasrsa.cat\/index.php?rest_route=\/wp\/v2\/pages"}],"about":[{"href":"https:\/\/www.somasrsa.cat\/index.php?rest_route=\/wp\/v2\/types\/page"}],"author":[{"embeddable":true,"href":"https:\/\/www.somasrsa.cat\/index.php?rest_route=\/wp\/v2\/users\/1"}],"replies":[{"embeddable":true,"href":"https:\/\/www.somasrsa.cat\/index.php?rest_route=%2Fwp%2Fv2%2Fcomments&post=677"}],"version-history":[{"count":31,"href":"https:\/\/www.somasrsa.cat\/index.php?rest_route=\/wp\/v2\/pages\/677\/revisions"}],"predecessor-version":[{"id":12741,"href":"https:\/\/www.somasrsa.cat\/index.php?rest_route=\/wp\/v2\/pages\/677\/revisions\/12741"}],"wp:attachment":[{"href":"https:\/\/www.somasrsa.cat\/index.php?rest_route=%2Fwp%2Fv2%2Fmedia&parent=677"}],"curies":[{"name":"wp","href":"https:\/\/api.w.org\/{rel}","templated":true}]}}